{"id":35418,"date":"2015-04-03T09:52:03","date_gmt":"2015-04-03T09:52:03","guid":{"rendered":"http:\/\/triadem.alfahosting.org\/wordpress\/?page_id=35418"},"modified":"2017-11-11T01:51:09","modified_gmt":"2017-11-11T01:51:09","slug":"repeater","status":"publish","type":"page","link":"https:\/\/www.triadem.com\/wordpress\/styleplugs\/repeater\/","title":{"rendered":"Repeater"},"content":{"rendered":"<p>[vc_row type=&#8220;vc_default&#8220; css=&#8220;.vc_custom_1510183645149{margin-bottom: 30px !important;}&#8220;][vc_column]<div id=\"ultimate-heading-315969e70222a9e44\" class=\"uvc-heading ult-adjust-bottom-margin ultimate-heading-315969e70222a9e44 uvc-4654 \" data-hspacer=\"no_spacer\"  data-halign=\"center\" style=\"text-align:center\"><div class=\"uvc-heading-spacer no_spacer\" style=\"top\"><\/div><div class=\"uvc-main-heading ult-responsive\"  data-ultimate-target='.uvc-heading.ultimate-heading-315969e70222a9e44 h2'  data-responsive-json-new='{\"font-size\":\"\",\"line-height\":\"\"}' ><h2 style=\"font-weight:normal;margin-bottom:10px;\">Rapporte &amp; All-Overs<\/h2><\/div><div class=\"uvc-sub-heading ult-responsive\"  data-ultimate-target='.uvc-heading.ultimate-heading-315969e70222a9e44 .uvc-sub-heading '  data-responsive-json-new='{\"font-size\":\"\",\"line-height\":\"\"}'  style=\"font-weight:normal;margin-bottom:10px;\"><\/p>\n<h4>Erstellen Sie nahtlose Rapportwiederholungen.<\/h4>\n<p><\/div><\/div>[vc_single_image image=&#8220;36699&#8243; img_size=&#8220;full&#8220; alignment=&#8220;center&#8220; image_hovers=&#8220;false&#8220;][\/vc_column][\/vc_row][vc_row type=&#8220;5&#8243; animation=&#8220;fadeIn&#8220; margin_bottom=&#8220;50&#8243; css=&#8220;.vc_custom_1481429434286{margin-bottom: 36px !important;}&#8220; bg_image=&#8220;http:\/\/triadem.alfahosting.org\/wordpress\/wp-content\/uploads\/2016\/12\/Repeater_1.jpg&#8220;][vc_column width=&#8220;2\/3&#8243;][vc_column_text]<\/p>\n<h3><span class=\"h5\">Repeater: PlugIn zum Entwerfen von Rapporten.<\/span><\/h3>\n<p><span class=\"normal\">Mit dem Repeater k\u00f6nnen Motive auf unterschiedliche Weise in den Rapport gesetzt werden. Das Motiv kann dabei in horizontaler oder vertikaler Richtung verschoben oder in einem All-Over Rapport verteilt werden.<br \/>\nDer Versatz l\u00e4sst sich manuell bestimmen oder kann als Standarversatz ausgew\u00e4hlt werden ( \u00bd, \u00bc, \u00be\u2026 ).<\/span><\/p>\n<p>Das Repeater PlugIn bietet verschiedene Funktionen, mit denen jedes einzelne Motiv im Rapport ver\u00e4ndert werden kann: so ist es m\u00f6glich mit Drehungen, Skalierungen und Spiegelungen zu arbeiten.<\/p>\n<p>Eine Zufallsfunktion, deren Parameter bestimmt werden k\u00f6nnen, bietet die M\u00f6glichkeit per Knopfdruck Variationen von Rapporten anzuzeigen.<\/p>\n<p>Jeder entstandene Rapport wird auf eine neue Ebene in der Photoshop-Datei gezeichnet. Dies erlaubt es auch, komplexe Dessins \u00fcber mehrere Ebenen zu erstellen.<br \/>\n<span class=\"normalgris\"><br \/>\n<\/span><strong><span class=\"h2\">MacOSX und Windows<\/span><\/strong>[\/vc_column_text][\/vc_column][vc_column width=&#8220;1\/3&#8243;][\/vc_column][\/vc_row][vc_row type=&#8220;4&#8243; margin_top=&#8220;0&#8243; margin_bottom=&#8220;0&#8243; padding_top=&#8220;20&#8243; padding_bottom=&#8220;20&#8243; css=&#8220;.vc_custom_1481428166172{margin-bottom: 0px !important;}&#8220;][vc_column width=&#8220;1\/2&#8243;][vc_video link=&#8220;https:\/\/www.youtube.com\/watch?v=3dCyoapoxco&#8220; title=&#8220;Repeater: Einfacher Halbversatz&#8220;][\/vc_column][vc_column width=&#8220;1\/2&#8243;][vc_video link=&#8220;https:\/\/www.youtube.com\/watch?v=VfS004MqZ4g&#8220; title=&#8220;All-Over mit Zufallsfunktion&#8220;][\/vc_column][\/vc_row][vc_row animation=&#8220;fadeIn&#8220; margin_top=&#8220;0&#8243; margin_bottom=&#8220;36&#8243;][vc_column][vc_empty_space height=&#8220;50px&#8220;][\/vc_column][vc_column width=&#8220;1\/2&#8243;][vc_single_image image=&#8220;36104&#8243; img_size=&#8220;full&#8220;][\/vc_column][vc_column width=&#8220;1\/2&#8243;][vc_column_text]<\/p>\n<h3><span class=\"h2\">Klassischer Versatz<\/span><\/h3>\n<p>Mit dem Repeater PlugIn k\u00f6nnen Sie Rapportwiederholungen in verschiedenen Variationen erstellen.<\/p>\n<p>So ist es m\u00f6glich, mit einem klassischen Versatz ( \u00bd, \u00bc, \u00be\u2026) zu arbeiten, der horizontal oder vertikal ausgerichtet ist. Die Anzahl an Motiven k\u00f6nnen Sie selbst bestimmen.<\/p>\n<p>In der Vorschau k\u00f6nnen Sie jedes einzelne Motiv anfassen, um Drehrichtung oder Skalierung zu \u00e4ndern.<\/p>\n<p>Es l\u00e4sst sich ebenfalls der Abstand zwischen den Motiven kontrollieren. Sie k\u00f6nnen auch ein fertiges Rapportma\u00df angeben.[\/vc_column_text][\/vc_column][\/vc_row][vc_row type=&#8220;5&#8243; animation=&#8220;fadeIn&#8220; margin_top=&#8220;0&#8243; margin_bottom=&#8220;50&#8243; bg_color=&#8220;#efefef&#8220; css=&#8220;.vc_custom_1481426998082{margin-bottom: 60px !important;}&#8220;][vc_column][vc_empty_space][\/vc_column][vc_column width=&#8220;1\/2&#8243;][vc_column_text]<\/p>\n<h3><span class=\"h2\">All-Over Rapporte<\/span><\/h3>\n<p>Im All-Over werden die Motive auf einem von Ihnen gew\u00e4hlten Rapportma\u00df verstreut. Dabei ist es wieder m\u00f6glich, auf jede einzelne Sequenz einzuwirken: Sie k\u00f6nnen bestimmen, welche Sequenzen \u00fcberhaupt mit einem Motiv belegt werden.<\/p>\n<p>Es ist eine beliebte Vorgehensweise, nur jede 2. oder 3. Sequenz zu belegen, um ausgewogene All-Overs zu erreichen. Repeater bietet deshalb Funktionen, um mit diesen Einstellungen zu experimentieren.<\/p>\n<p>Motive, die \u00fcber die Kanten hinausragen, erscheinen automatisch auf der gegen\u00fcberliegenden Seite, damit die Geamtheit im Vollversatz rapportierbar ist.[\/vc_column_text][\/vc_column][vc_column width=&#8220;1\/2&#8243;][vc_single_image image=&#8220;36105&#8243; img_size=&#8220;full&#8220;][vc_empty_space][\/vc_column][\/vc_row][vc_row animation=&#8220;fadeIn&#8220; margin_top=&#8220;0&#8243; margin_bottom=&#8220;50&#8243; css=&#8220;.vc_custom_1481427084955{margin-bottom: 20px !important;}&#8220;][vc_column][\/vc_column][vc_column width=&#8220;1\/2&#8243;][vc_single_image image=&#8220;36106&#8243; img_size=&#8220;full&#8220;][\/vc_column][vc_column width=&#8220;1\/2&#8243;][vc_column_text]<\/p>\n<h3><span class=\"h2\">Motive bearbeiten<\/span><\/h3>\n<p>Sind die Motive im Rapport verstreut, k\u00f6nnen Sie jedes einzelne Motiv in Gr\u00f6\u00dfe und Drehrichtung ver\u00e4ndern.<\/p>\n<p>Dazu k\u00f6nnen Sie direkt in der Vorschau arbeiten: alle Motive lassen sich anklicken und freihand skalieren und drehen.<\/p>\n<p>Zus\u00e4tzlich gibt es aber auch Funktionen, um exakte Werte f\u00fcr Gr\u00f6\u00dfe, Drehung und Spiegelung zu definieren. Sie k\u00f6nnen die Buttons f\u00fcr Standarddrehung und -spiegelung verwenden, oder selbst einen Wert eingeben.[\/vc_column_text][\/vc_column][\/vc_row][vc_row type=&#8220;5&#8243; margin_bottom=&#8220;50&#8243; bg_color=&#8220;#efefef&#8220; css=&#8220;.vc_custom_1481429310424{background-color: #efefef !important;}&#8220;][vc_column width=&#8220;1\/2&#8243;][vc_empty_space][vc_column_text]<\/p>\n<h3><span class=\"h2\">Rapporte mit zuf\u00e4lliger Drehung<\/span><\/h3>\n<p>Ein sehr wichtiges Tool im Repeater ist die Zufallsfunktion. Dies ist sehr hilfreich und Sie k\u00f6nnen sich von dem PlugIn inspirieren lassen.<\/p>\n<p>Nachdem Sie die Eckparameter f\u00fcr Ihren Rapport bestimmt haben, klicken Sie solange den Button, bis Ihnen eine Verteilung gef\u00e4llt.<br \/>\nMit den Eckparametern k\u00f6nnen Sie Gr\u00f6\u00dfe, Drehung und Frequenz der Motivwiederholung eingrenzen.<\/p>\n<p>Nat\u00fcrlich lassen sich die Methoden auch kombinieren: Sie k\u00f6nnen z.B. Ihr Motiv in einen klassischen Halbversatz setzen und anschlie\u00dfend per Zufall die Drehrichtung ver\u00e4ndern.[\/vc_column_text][\/vc_column][vc_column width=&#8220;1\/2&#8243;][vc_empty_space][vc_single_image image=&#8220;36127&#8243; img_size=&#8220;full&#8220;][\/vc_column][\/vc_row][vc_row css=&#8220;.vc_custom_1481428989035{background-color: #efefef !important;}&#8220;][vc_column][vc_column_text]<\/p>\n<h3><span class=\"normal\"><span class=\"normal\"><span class=\"h2\">\u00dcbersicht Repeater Tools:<\/span><\/span><\/span><\/h3>\n<p><span class=\"normal\">Repeater stellt alle M\u00f6glichkeiten f\u00fcr \u00c4nderungen am Motiv zur Verf\u00fcgung:<\/span>[\/vc_column_text][vc_single_image image=&#8220;35909&#8243; img_size=&#8220;full&#8220; alignment=&#8220;center&#8220;][\/vc_column][\/vc_row][vc_row type=&#8220;5&#8243; margin_bottom=&#8220;50&#8243; bg_color=&#8220;#efefef&#8220; css=&#8220;.vc_custom_1481428523285{background-color: #efefef !important;}&#8220;][vc_column][vc_empty_space height=&#8220;30px&#8220;][\/vc_column][vc_column width=&#8220;1\/2&#8243;][vc_single_image image=&#8220;36117&#8243; img_size=&#8220;full&#8220;][\/vc_column][vc_column width=&#8220;1\/2&#8243;][vc_column_text]<\/p>\n<h3><span class=\"h2\">Rapport in die Photoshop-Datei zeichnen<\/span><\/h3>\n<p>Der Rapport wird wie in der Vorschau angezeigt, auf eine neue Ebene in die Photoshop-Datei gezeichnet. Das originale Motiv bleibt auf einer separaten Ebene erhalten.<\/p>\n<p>Das PlugIn \u00e4ndert dazu die Dokumentgr\u00f6\u00dfe und bringt dieses auf das eingestellte Rapportma\u00df. Somit ist die Photoshop-Datei die wiederholf\u00e4hige Rapportsequenz.<\/p>\n<p>Alle anderen Photoshop-Ebenen bleiben intakt und unver\u00e4ndert. Das bedeutet, dass Sie mit Repeater auch mehrfache Rapporte \u00fcber verschiedene Ebenen hinweg erzeugen k\u00f6nnen, um wirklich komplexe Prints zu erstellen.<\/p>\n<p>Alle Rapporte, die mit Repeater erstellt wurden, k\u00f6nnen problemlos mit Photoshop-Funktionen weiter bearbeitet werden. Sie eignen sich ebenfalls f\u00fcr die Arbeit mit Musterf\u00fcllungen oder zum F\u00fcllen von Styles in Adobe Illustrator![\/vc_column_text][\/vc_column][vc_column][vc_empty_space][\/vc_column][\/vc_row][vc_row css=&#8220;.vc_custom_1481427656977{background-color: #efefef !important;}&#8220;][vc_column width=&#8220;1\/2&#8243;][vc_column_text]<\/p>\n<h3><span class=\"h2\">Automatische Rapportteilung<\/span><\/h3>\n<p>Mit dem Repeater kommt noch ein weiteres PlugIn: Wrapper.<br \/>\nDies ist ein Modul zum Bearbeiten von Rapportkanten, wenn diese nicht nahtlos ineinander \u00fcbergehen.<\/p>\n<p>Die Problematik besteht z.B. bei vollfl\u00e4chigen Scans oder anderen Dessins, die das ganze Dokument ausf\u00fcllen.<\/p>\n<p>Der Wrapper zerteilt das Dokument in horizontaler und vertikaler Richtung und setzt die Kacheln so aneinander, dass Sie genau die \u00dcberg\u00e4nge sehen, wie sie im Rapport erscheinen w\u00fcrden.<\/p>\n<p>Sie k\u00f6nnen nun bequem die Kanten bearbeiten, die Sie im Inneren der Datei sehen, um eine nahtlose Rapportsequenz zu erstellen.<\/p>\n<p>Wrapper kann mehrfach benutzt werden, um die Ansicht hin und her zu schlagen. Da er immer exakt in der Mitte zerteilt, verliert das Dokument nicht die urspr\u00fcngliche Ausrichtung.<\/p>\n<p>Wrapper unterst\u00fctzt ebenfalls Ebenen: jede Ebene wird separat umgeschlagen und alle Ebenen bleiben intakt. Ausgeblendete Ebenen werden nicht gewrappt, sodass man hierbei die M\u00f6glichkeit hat, Inhalte unver\u00e4ndert zu lassen.[\/vc_column_text][\/vc_column][vc_column width=&#8220;1\/2&#8243;][vc_single_image image=&#8220;36109&#8243; img_size=&#8220;full&#8220;][\/vc_column][\/vc_row]<\/p>\n","protected":false},"excerpt":{"rendered":"<p>[vc_row type=&#8220;vc_default&#8220; css=&#8220;.vc_custom_1510183645149{margin-bottom: 30px !important;}&#8220;][vc_column][vc_single_image image=&#8220;36699&#8243; img_size=&#8220;full&#8220; alignment=&#8220;center&#8220; image_hovers=&#8220;false&#8220;][\/vc_column][\/vc_row][vc_row type=&#8220;5&#8243; animation=&#8220;fadeIn&#8220; margin_bottom=&#8220;50&#8243; css=&#8220;.vc_custom_1481429434286{margin-bottom: 36px !important;}&#8220; bg_image=&#8220;http:\/\/triadem.alfahosting.org\/wordpress\/wp-content\/uploads\/2016\/12\/Repeater_1.jpg&#8220;][vc_column width=&#8220;2\/3&#8243;][vc_column_text] Repeater: PlugIn zum Entwerfen von Rapporten. Mit dem Repeater k\u00f6nnen Motive auf unterschiedliche Weise in den Rapport gesetzt werden. Das Motiv kann dabei in horizontaler oder vertikaler Richtung verschoben oder in einem All-Over Rapport verteilt werden. Der Versatz&hellip;<\/p>\n","protected":false},"author":1,"featured_media":0,"parent":35415,"menu_order":5,"comment_status":"closed","ping_status":"closed","template":"","meta":[],"class_list":["post-35418","page","type-page","status-publish","hentry","description-off"],"aioseo_notices":[],"_links":{"self":[{"href":"https:\/\/www.triadem.com\/wordpress\/wp-json\/wp\/v2\/pages\/35418","targetHints":{"allow":["GET"]}}],"collection":[{"href":"https:\/\/www.triadem.com\/wordpress\/wp-json\/wp\/v2\/pages"}],"about":[{"href":"https:\/\/www.triadem.com\/wordpress\/wp-json\/wp\/v2\/types\/page"}],"author":[{"embeddable":true,"href":"https:\/\/www.triadem.com\/wordpress\/wp-json\/wp\/v2\/users\/1"}],"replies":[{"embeddable":true,"href":"https:\/\/www.triadem.com\/wordpress\/wp-json\/wp\/v2\/comments?post=35418"}],"version-history":[{"count":29,"href":"https:\/\/www.triadem.com\/wordpress\/wp-json\/wp\/v2\/pages\/35418\/revisions"}],"predecessor-version":[{"id":36704,"href":"https:\/\/www.triadem.com\/wordpress\/wp-json\/wp\/v2\/pages\/35418\/revisions\/36704"}],"up":[{"embeddable":true,"href":"https:\/\/www.triadem.com\/wordpress\/wp-json\/wp\/v2\/pages\/35415"}],"wp:attachment":[{"href":"https:\/\/www.triadem.com\/wordpress\/wp-json\/wp\/v2\/media?parent=35418"}],"curies":[{"name":"wp","href":"https:\/\/api.w.org\/{rel}","templated":true}]}}