{"id":36802,"date":"2018-08-25T14:18:21","date_gmt":"2018-08-25T14:18:21","guid":{"rendered":"http:\/\/www.triadem.com\/wordpress\/?page_id=36802"},"modified":"2018-08-25T14:18:21","modified_gmt":"2018-08-25T14:18:21","slug":"coloration","status":"publish","type":"page","link":"https:\/\/www.triadem.com\/wordpress\/styleplugs\/coloration\/","title":{"rendered":"Coloration"},"content":{"rendered":"<p>[vc_row][vc_column]<div id=\"ultimate-heading-678769e6f9accdba3\" class=\"uvc-heading ult-adjust-bottom-margin ultimate-heading-678769e6f9accdba3 uvc-1985 \" data-hspacer=\"no_spacer\"  data-halign=\"center\" style=\"text-align:center\"><div class=\"uvc-heading-spacer no_spacer\" style=\"top\"><\/div><div class=\"uvc-main-heading ult-responsive\"  data-ultimate-target='.uvc-heading.ultimate-heading-678769e6f9accdba3 h2'  data-responsive-json-new='{\"font-size\":\"\",\"line-height\":\"\"}' ><h2 style=\"font-weight:normal;margin-bottom:10px;\">Farbreduktion &amp; Farbvarianten<\/h2><\/div><div class=\"uvc-sub-heading ult-responsive\"  data-ultimate-target='.uvc-heading.ultimate-heading-678769e6f9accdba3 .uvc-sub-heading '  data-responsive-json-new='{\"font-size\":\"\",\"line-height\":\"\"}'  style=\"font-weight:normal;margin-bottom:10px;\"><\/p>\n<h4>Farben reduzieren, Dessins colorieren, Farbwege erstellen.<\/h4>\n<p><\/div><\/div>[vc_single_image image=&#8220;36694&#8243; img_size=&#8220;full&#8220; alignment=&#8220;center&#8220;][\/vc_column][\/vc_row][vc_row type=&#8220;5&#8243; animation=&#8220;fadeIn&#8220; margin_bottom=&#8220;50&#8243; css=&#8220;.vc_custom_1481432553579{margin-bottom: 36px !important;}&#8220; bg_image=&#8220;http:\/\/triadem.alfahosting.org\/wordpress\/wp-content\/uploads\/2016\/12\/Coloration_1.jpg&#8220;][vc_column width=&#8220;2\/3&#8243;][vc_column_text]<\/p>\n<h3>Coloration: PlugIn zum Erstellen von Farbvarianten.<\/h3>\n<p>Mit dem Coloration PlugIn lassen sich Farben in Vorlagen reduzieren und zusammenfassen. Die gew\u00fcnschten Farben f\u00fcr die Reduktion k\u00f6nnen dabei in der Vorschau selektiert werden oder lassen sich automatisch ermitteln.<\/p>\n<p>Nach der Farbreduktion werden die Vorlagen durch Zuweisen von Farben aus der Kollektionsfarbkarte umcoloriert. Dabei ist es m\u00f6glich, mehrere Farbwege zu erstellen, die Ebene f\u00fcr Ebene in die Photoshopdatei gezeichnet werden k\u00f6nnen. Auf Wunsch auch mit den dazugeh\u00f6rigen Farbcodes.<\/p>\n<p><span class=\"normalgris\"><br \/>\n<\/span><strong><span class=\"h2\">MacOSX und Windows<\/span><\/strong>[\/vc_column_text][\/vc_column][vc_column width=&#8220;1\/3&#8243;][\/vc_column][\/vc_row][vc_row type=&#8220;4&#8243; margin_top=&#8220;0&#8243; margin_bottom=&#8220;0&#8243; padding_top=&#8220;20&#8243; padding_bottom=&#8220;20&#8243; css=&#8220;.vc_custom_1481428166172{margin-bottom: 0px !important;}&#8220;][vc_column width=&#8220;1\/2&#8243;][vc_video link=&#8220;https:\/\/www.youtube.com\/watch?v=7sCQZhRru1o&#8220; title=&#8220;Coloration: Farben reduzieren&#8220;][\/vc_column][vc_column width=&#8220;1\/2&#8243;][vc_video link=&#8220;https:\/\/www.youtube.com\/watch?v=upZ_5kHeXwU&#8220; title=&#8220;Farbvarianten erstellen&#8220;][\/vc_column][\/vc_row][vc_row animation=&#8220;fadeIn&#8220; margin_top=&#8220;0&#8243; margin_bottom=&#8220;36&#8243;][vc_column][vc_empty_space height=&#8220;50px&#8220;][\/vc_column][vc_column width=&#8220;1\/2&#8243;][vc_single_image image=&#8220;36157&#8243; img_size=&#8220;full&#8220;][\/vc_column][vc_column width=&#8220;1\/2&#8243;][vc_column_text]<\/p>\n<h3>Farbreduktion<\/h3>\n<p>Im ersten Arbeitsschritt wird das Design (Vorlage, Scan, Foto) auf die wesentliche Anzahl an Farben reduziert, d.h. es werden die n\u00f6tigen Farben f\u00fcr den Textildruck ermittelt.<\/p>\n<p>-Manuelle Farbreduktion: hier w\u00e4hlen Sie die Farbt\u00f6ne, auf die reduziert werden soll, durch Klicken in der Bildvorschau aus.<\/p>\n<p>oder<br \/>\n&#8211; Automatische Farbreduktion: hierbei ermittelt das Programm anhand einer vorgegebenen Anzahl an Farben die Farbt\u00f6ne und reduziert auf diese.<\/p>\n<p>Die Farbreduktion ist die Voraussetzung f\u00fcr die sp\u00e4tere Colorierung.[\/vc_column_text][\/vc_column][\/vc_row][vc_row type=&#8220;5&#8243; animation=&#8220;fadeIn&#8220; margin_top=&#8220;0&#8243; margin_bottom=&#8220;50&#8243; bg_color=&#8220;#efefef&#8220; css=&#8220;.vc_custom_1481426998082{margin-bottom: 60px !important;}&#8220;][vc_column][vc_empty_space][\/vc_column][vc_column width=&#8220;1\/2&#8243;][vc_column_text]<\/p>\n<h3>Farbwege erstellen<\/h3>\n<p>Ist die Farbreduktion ausgef\u00fchrt, k\u00f6nnen im n\u00e4chsten Arbeitsschritt die Farbwege erstellt werden.<\/p>\n<p>In der Variantenspalte k\u00f6nnen Sie nun durch Zuordnen von Farben aus der Farbkarte neue Farbkombinationen erstellen.<\/p>\n<p>Die Farbwege k\u00f6nnen im Vollfarbmodus, mit Dithering oder reduziert auf Flachfarben erzeugt werden (siehe Darstellungsoptionen).<\/p>\n<p>Die Auswahl der Farben erfolgt aus Ihrer Kollektionsfarbliste oder dem Standard-Systemfarbw\u00e4hler.[\/vc_column_text][\/vc_column][vc_column width=&#8220;1\/2&#8243;][vc_single_image image=&#8220;36160&#8243; img_size=&#8220;full&#8220;][vc_empty_space][\/vc_column][\/vc_row][vc_row animation=&#8220;fadeIn&#8220; margin_top=&#8220;0&#8243; margin_bottom=&#8220;50&#8243; css=&#8220;.vc_custom_1481427084955{margin-bottom: 20px !important;}&#8220;][vc_column width=&#8220;1\/2&#8243;][vc_single_image image=&#8220;36159&#8243; img_size=&#8220;full&#8220;][\/vc_column][vc_column width=&#8220;1\/2&#8243;][vc_column_text]<\/p>\n<h3>Farbwege vergleichen<\/h3>\n<p>Beim Anlegen von Farbvarianten ist es hilfreich, die einzelnen Farbwege miteinander vergleichen zu k\u00f6nnen.<\/p>\n<p>Die Variantenvorschau zeigt alle Farbwege zu einem Dessin in einer \u00dcbersicht.<br \/>\nIn dieser \u00dcbersicht k\u00f6nnen Sie ebenfalls agieren und ganze Farbfolgen kopieren, um diese als Basis f\u00fcr weitere Farbwege zu verwenden.[\/vc_column_text][\/vc_column][\/vc_row][vc_row type=&#8220;5&#8243; margin_bottom=&#8220;50&#8243; bg_color=&#8220;#efefef&#8220; css=&#8220;.vc_custom_1481429310424{background-color: #efefef !important;}&#8220;][vc_column width=&#8220;1\/2&#8243;][vc_empty_space][vc_column_text]<\/p>\n<h3>Darstellungsoptionen<\/h3>\n<p>Die farbreduzierte Vorlage sowie die Farbvarianten k\u00f6nnen im Vollfarbmodus, im Dithering oder im Flachfarbenmodus dargestellt werden.<\/p>\n<p>Sie k\u00f6nnen jederzeit zwischen den Modi w\u00e4hlen:<\/p>\n<p>1. Vollfarbmodus: stellt Ihr Design mit den ausgew\u00e4hlten Farben unter Beibehaltung der Abschattierungen im Bild dar.<br \/>\nDie Zwischent\u00f6ne werden vom Programm ermittelt und basieren auf den Farben, auf die Sie reduziert haben.<\/p>\n<p>2. Flachfarben: stellt Ihr Design exakt mit den von Ihnen ausgew\u00e4hlten Farben ohne weitere Schattierung dar.<\/p>\n<p>3. Dithering: erzeugt Schattierungen und Farb\u00fcberg\u00e4nge durch Aufrasterung von Pixeln[\/vc_column_text][\/vc_column][vc_column width=&#8220;1\/2&#8243;][vc_empty_space][vc_single_image image=&#8220;36161&#8243; img_size=&#8220;full&#8220;][\/vc_column][\/vc_row][vc_row type=&#8220;5&#8243; margin_bottom=&#8220;50&#8243; bg_color=&#8220;#efefef&#8220; css=&#8220;.vc_custom_1481428523285{background-color: #efefef !important;}&#8220;][vc_column][vc_empty_space height=&#8220;30px&#8220;][\/vc_column][vc_column width=&#8220;1\/2&#8243;][vc_column_text]<\/p>\n<h3>Farbwege zeichnen<\/h3>\n<p>Sie k\u00f6nnen aus dem Colorations-PlugIn die Farbreduktion oder die aktive Farbvariante direkt in die Photoshop-Datei zeichnen.<\/p>\n<p>M\u00f6chten Sie alle Farbwege mit einem mal ausgeben, starten Sie das dazugeh\u00f6rige Variator-PlugIn.<br \/>\nDer Variator zeichnet nun jeden ausgew\u00e4hlten Farbweg Ebene f\u00fcr Ebene in das Photoshop\u00ae Dokument; mit dem dazugeh\u00f6rigen Farbcode.[\/vc_column_text][\/vc_column][vc_column width=&#8220;1\/2&#8243;][vc_single_image image=&#8220;36162&#8243; img_size=&#8220;full&#8220;][\/vc_column][vc_column][vc_empty_space][\/vc_column][\/vc_row][vc_row css=&#8220;.vc_custom_1481427656977{background-color: #efefef !important;}&#8220;][vc_column width=&#8220;1\/2&#8243;][vc_column_text]<\/p>\n<h3>Farbstreifen anf\u00fcgen<\/h3>\n<p>Wenn Sie das bearbeitete Dessin oder die Farbvarianten mit Farbcode ausgeben m\u00f6chten, bestimmen Sie in diesem Dialog Aussehen und Position der Farbstreifen.<\/p>\n<p>Folgende Informationen k\u00f6nnen angef\u00fcgt werden:<br \/>\n&#8211; Gr\u00f6\u00dfe des Farbfeldes<br \/>\n&#8211; Name der Farbe<br \/>\n&#8211; RGB-Wert und CMYK-Wert<\/p>\n<p>Jeder Farbweg wird in Photoshop\u00ae auf eine separate Ebene in die Originaldatei gezeichnet.<\/p>\n<p>Die Informationen zu Ihrer Farbe werden aus der aktiven Kollektionsfarbliste \u00fcbernommen.[\/vc_column_text][\/vc_column][vc_column width=&#8220;1\/2&#8243;][vc_single_image image=&#8220;36163&#8243; img_size=&#8220;full&#8220;][\/vc_column][\/vc_row][vc_row css=&#8220;.vc_custom_1481428989035{background-color: #efefef !important;}&#8220;][vc_column][vc_single_image image=&#8220;36167&#8243; img_size=&#8220;full&#8220; alignment=&#8220;center&#8220;][\/vc_column][\/vc_row]<\/p>\n","protected":false},"excerpt":{"rendered":"<p>[vc_row][vc_column][vc_single_image image=&#8220;36694&#8243; img_size=&#8220;full&#8220; alignment=&#8220;center&#8220;][\/vc_column][\/vc_row][vc_row type=&#8220;5&#8243; animation=&#8220;fadeIn&#8220; margin_bottom=&#8220;50&#8243; css=&#8220;.vc_custom_1481432553579{margin-bottom: 36px !important;}&#8220; bg_image=&#8220;http:\/\/triadem.alfahosting.org\/wordpress\/wp-content\/uploads\/2016\/12\/Coloration_1.jpg&#8220;][vc_column width=&#8220;2\/3&#8243;][vc_column_text] Coloration: PlugIn zum Erstellen von Farbvarianten. Mit dem Coloration PlugIn lassen sich Farben in Vorlagen reduzieren und zusammenfassen. Die gew\u00fcnschten Farben f\u00fcr die Reduktion k\u00f6nnen dabei in der Vorschau selektiert werden oder lassen sich automatisch ermitteln. Nach der Farbreduktion werden die Vorlagen durch&hellip;<\/p>\n","protected":false},"author":1,"featured_media":0,"parent":35415,"menu_order":5,"comment_status":"closed","ping_status":"closed","template":"","meta":[],"class_list":["post-36802","page","type-page","status-publish","hentry","description-off"],"aioseo_notices":[],"_links":{"self":[{"href":"https:\/\/www.triadem.com\/wordpress\/wp-json\/wp\/v2\/pages\/36802","targetHints":{"allow":["GET"]}}],"collection":[{"href":"https:\/\/www.triadem.com\/wordpress\/wp-json\/wp\/v2\/pages"}],"about":[{"href":"https:\/\/www.triadem.com\/wordpress\/wp-json\/wp\/v2\/types\/page"}],"author":[{"embeddable":true,"href":"https:\/\/www.triadem.com\/wordpress\/wp-json\/wp\/v2\/users\/1"}],"replies":[{"embeddable":true,"href":"https:\/\/www.triadem.com\/wordpress\/wp-json\/wp\/v2\/comments?post=36802"}],"version-history":[{"count":1,"href":"https:\/\/www.triadem.com\/wordpress\/wp-json\/wp\/v2\/pages\/36802\/revisions"}],"predecessor-version":[{"id":36814,"href":"https:\/\/www.triadem.com\/wordpress\/wp-json\/wp\/v2\/pages\/36802\/revisions\/36814"}],"up":[{"embeddable":true,"href":"https:\/\/www.triadem.com\/wordpress\/wp-json\/wp\/v2\/pages\/35415"}],"wp:attachment":[{"href":"https:\/\/www.triadem.com\/wordpress\/wp-json\/wp\/v2\/media?parent=36802"}],"curies":[{"name":"wp","href":"https:\/\/api.w.org\/{rel}","templated":true}]}}